{"id":206,"date":"2016-05-19T20:35:39","date_gmt":"2016-05-19T20:35:39","guid":{"rendered":"http:\/\/www.marceloandre.com\/?page_id=206"},"modified":"2016-06-07T19:36:23","modified_gmt":"2016-06-07T19:36:23","slug":"exposicoes","status":"publish","type":"page","link":"https:\/\/www.marceloandrephoto.com.br\/en\/exposicoes\/","title":{"rendered":"Exposi\u00e7\u00f5es"},"content":{"rendered":"<div class='row'><div style='padding-bottom:20px;' class='span12 first-module module_number_1 module_cont  module_team'>\n        <div class=\"team_slider\">\n            <div class=\"carouselslider teamslider items5\" data-count=\"5\">\t\t\t\n            \t<ul class=\"item_list\">\n\t\t\t\t\t<li style=\"width:20%\">\n\t\t\t\t\t\t<div class=\"item_wrapper\">\n\t\t\t\t\t\t\t<div class=\"item\">\n\t\t\t\t\t\t\t\t<div class=\"img_block\"><img src=\"https:\/\/www.marceloandrephoto.com.br\/wp-content\/uploads\/2016\/06\/missao-gandarela-540x526.jpg\" alt=\"Mission: Gandarela\" \/>\n\t\t\t\t\t\t\t\t<\/div>\n\t\t\t\t\t\t\t\t<div class=\"carousel_body\">\n\t\t\t\t\t\t\t\t\t<div class=\"team_title\">\n\t\t\t\t\t\t\t\t\t\t<h6>Mission: Gandarela<\/h6>\n\t\t\t\t\t\t\t\t\t\t<div class=\"op\">Mai 2012<\/div>\n\t\t\t\t\t\t\t\t\t<\/div>\n\t\t\t\t\t\t\t\t\t<div class=\"team_desc\">Collective photographic exhibition held in the space 104, during the second week of the photograph of Belo Horizonte. 6 being expanded in size 60x85, portraying the region Gandarela future national park.<\/div><\/div>\n\t\t\t\t\t\t\t<\/div>\n\t\t\t\t\t\t<\/div>\n                    <\/li>\n\t\t\t\t\n\t\t\t\t\t<li style=\"width:20%\">\n\t\t\t\t\t\t<div class=\"item_wrapper\">\n\t\t\t\t\t\t\t<div class=\"item\">\n\t\t\t\t\t\t\t\t<div class=\"img_block\"><img src=\"https:\/\/www.marceloandrephoto.com.br\/wp-content\/uploads\/2016\/06\/estradas-do-brasil-540x526.jpg\" alt=\"Roads in Brazil\" \/>\n\t\t\t\t\t\t\t\t<\/div>\n\t\t\t\t\t\t\t\t<div class=\"carousel_body\">\n\t\t\t\t\t\t\t\t\t<div class=\"team_title\">\n\t\t\t\t\t\t\t\t\t\t<h6>Roads in Brazil<\/h6>\n\t\t\t\t\t\t\t\t\t\t<div class=\"op\">Mai 2012<\/div>\n\t\t\t\t\t\t\t\t\t<\/div>\n\t\t\t\t\t\t\t\t\t<div class=\"team_desc\">Photo exhibition held at Diamond Shopping depicting the roads of Brazil. Being 20 panels size 1m x 1,5m.<\/div><\/div>\n\t\t\t\t\t\t\t<\/div>\n\t\t\t\t\t\t<\/div>\n                    <\/li>\n\t\t\t\t\n\t\t\t\t\t<li style=\"width:20%\">\n\t\t\t\t\t\t<div class=\"item_wrapper\">\n\t\t\t\t\t\t\t<div class=\"item\">\n\t\t\t\t\t\t\t\t<div class=\"img_block\"><img src=\"https:\/\/www.marceloandrephoto.com.br\/wp-content\/uploads\/2016\/06\/cavernas-540x526.jpg\" alt=\"Caves\" \/>\n\t\t\t\t\t\t\t\t<\/div>\n\t\t\t\t\t\t\t\t<div class=\"carousel_body\">\n\t\t\t\t\t\t\t\t\t<div class=\"team_title\">\n\t\t\t\t\t\t\t\t\t\t<h6>Caves<\/h6>\n\t\t\t\t\t\t\t\t\t\t<div class=\"op\">Ago 2011<\/div>\n\t\t\t\t\t\t\t\t\t<\/div>\n\t\t\t\t\t\t\t\t\t<div class=\"team_desc\">Photo exhibition held at the Cultural Butiquim August - BH - MG. 40x60 with 16 photos depicting the caves of the region Perua\u00e7u, Chapada Diamantina, Cordisburgo, Matozinhos and Lagoa Santa.<\/div><\/div>\n\t\t\t\t\t\t\t<\/div>\n\t\t\t\t\t\t<\/div>\n                    <\/li>\n\t\t\t\t\n\t\t\t\t\t<li style=\"width:20%\">\n\t\t\t\t\t\t<div class=\"item_wrapper\">\n\t\t\t\t\t\t\t<div class=\"item\">\n\t\t\t\t\t\t\t\t<div class=\"img_block\"><img src=\"https:\/\/www.marceloandrephoto.com.br\/wp-content\/uploads\/2016\/06\/imagens-e-lugares-540x526.jpg\" alt=\"Images and Places\" \/>\n\t\t\t\t\t\t\t\t<\/div>\n\t\t\t\t\t\t\t\t<div class=\"carousel_body\">\n\t\t\t\t\t\t\t\t\t<div class=\"team_title\">\n\t\t\t\t\t\t\t\t\t\t<h6>Images and Places<\/h6>\n\t\t\t\t\t\t\t\t\t\t<div class=\"op\">Dez 2010<\/div>\n\t\t\t\t\t\t\t\t\t<\/div>\n\t\t\t\t\t\t\t\t\t<div class=\"team_desc\">The exhibition \"Pictures and Places: The Outdoor Camera Lenses in Marcelo Andre.\" Shows that meet records made in Brazil and other countries with diverse objectives explaining the beauty of natural environments, action sports, agriculture, and cultural diversity of Brazil.<\/div><\/div>\n\t\t\t\t\t\t\t<\/div>\n\t\t\t\t\t\t<\/div>\n                    <\/li>\n\t\t\t\t\n\t\t\t\t\t<li style=\"width:20%\">\n\t\t\t\t\t\t<div class=\"item_wrapper\">\n\t\t\t\t\t\t\t<div class=\"item\">\n\t\t\t\t\t\t\t\t<div class=\"img_block\"><img src=\"https:\/\/www.marceloandrephoto.com.br\/wp-content\/uploads\/2016\/06\/cafe-do-cerrado-540x526.jpg\" alt=\"The Coffee of Cerrado\" \/>\n\t\t\t\t\t\t\t\t<\/div>\n\t\t\t\t\t\t\t\t<div class=\"carousel_body\">\n\t\t\t\t\t\t\t\t\t<div class=\"team_title\">\n\t\t\t\t\t\t\t\t\t\t<h6>The Coffee of Cerrado<\/h6>\n\t\t\t\t\t\t\t\t\t\t<div class=\"op\">Set 2010<\/div>\n\t\t\t\t\t\t\t\t\t<\/div>\n\t\t\t\t\t\t\t\t\t<div class=\"team_desc\">Photo exhibition held on the 18th Seminar of coffee. Event held annually in sponsorship - MG. Being 20 40x60 enlargements depicting the culture of coffee in the Cerrado region of Minas Gerais.<\/div><\/div>\n\t\t\t\t\t\t\t<\/div>\n\t\t\t\t\t\t<\/div>\n                    <\/li>\n\t\t\t\t\n\t\t\t\t\t<li style=\"width:20%\">\n\t\t\t\t\t\t<div class=\"item_wrapper\">\n\t\t\t\t\t\t\t<div class=\"item\">\n\t\t\t\t\t\t\t\t<div class=\"img_block\"><img src=\"https:\/\/www.marceloandrephoto.com.br\/wp-content\/uploads\/2016\/05\/esportes-outdoor-540x526.jpg\" alt=\"Esportes Outdoor\" \/>\n\t\t\t\t\t\t\t\t<\/div>\n\t\t\t\t\t\t\t\t<div class=\"carousel_body\">\n\t\t\t\t\t\t\t\t\t<div class=\"team_title\">\n\t\t\t\t\t\t\t\t\t\t<h6>Esportes Outdoor<\/h6>\n\t\t\t\t\t\t\t\t\t\t<div class=\"op\">Nov 2007<\/div>\n\t\t\t\t\t\t\t\t\t<\/div>\n\t\t\t\t\t\t\t\t\t<div class=\"team_desc\">Exposi\u00e7\u00e3o fotogr\u00e1fica realizada no Restaurante Niguiri - BH - MG.<\/div><\/div>\n\t\t\t\t\t\t\t<\/div>\n\t\t\t\t\t\t<\/div>\n                    <\/li>\n\t\t\t\t\n\t\t\t\t\t<li style=\"width:20%\">\n\t\t\t\t\t\t<div class=\"item_wrapper\">\n\t\t\t\t\t\t\t<div class=\"item\">\n\t\t\t\t\t\t\t\t<div class=\"img_block\"><img src=\"https:\/\/www.marceloandrephoto.com.br\/wp-content\/uploads\/2016\/05\/escalada-em-gelo-540x526.jpg\" alt=\"Escalada em Gelo Bol\u00edvia\" \/>\n\t\t\t\t\t\t\t\t<\/div>\n\t\t\t\t\t\t\t\t<div class=\"carousel_body\">\n\t\t\t\t\t\t\t\t\t<div class=\"team_title\">\n\t\t\t\t\t\t\t\t\t\t<h6>Escalada em Gelo Bol\u00edvia<\/h6>\n\t\t\t\t\t\t\t\t\t\t<div class=\"op\">Nov 2007<\/div>\n\t\t\t\t\t\t\t\t\t<\/div>\n\t\t\t\t\t\t\t\t\t<div class=\"team_desc\">Exposi\u00e7\u00e3o fotogr\u00e1fica realizada no Espa\u00e7o Cultural Niguiri - BH - MG.<\/div><\/div>\n\t\t\t\t\t\t\t<\/div>\n\t\t\t\t\t\t<\/div>\n                    <\/li>\n\t\t\t\t\n\t\t\t\t\t<li style=\"width:20%\">\n\t\t\t\t\t\t<div class=\"item_wrapper\">\n\t\t\t\t\t\t\t<div class=\"item\">\n\t\t\t\t\t\t\t\t<div class=\"img_block\">\n\t\t\t\t\t\t\t\t<\/div>\n\t\t\t\t\t\t\t\t<div class=\"carousel_body\">\n\t\t\t\t\t\t\t\t\t<div class=\"team_title\">\n\t\t\t\t\t\t\t\t\t\t<h6>Viver Minas<\/h6>\n\t\t\t\t\t\t\t\t\t\t<div class=\"op\">Dez 2008<\/div>\n\t\t\t\t\t\t\t\t\t<\/div>\n\t\t\t\t\t\t\t\t\t<div class=\"team_desc\">Exposi\u00e7\u00e3o coletiva apresenta Minas com suas riquezas e diversidades natural, hist\u00f3rica e cultural. Com a cria\u00e7\u00e3o de Paulo Pederneiras, no Museu de Ci\u00eancias Naturais de Torino, It\u00e1lia.<\/div><\/div>\n\t\t\t\t\t\t\t<\/div>\n\t\t\t\t\t\t<\/div>\n                    <\/li>\n\t\t\t\t\n\t\t\t\t\t<li style=\"width:20%\">\n\t\t\t\t\t\t<div class=\"item_wrapper\">\n\t\t\t\t\t\t\t<div class=\"item\">\n\t\t\t\t\t\t\t\t<div class=\"img_block\"><img src=\"https:\/\/www.marceloandrephoto.com.br\/wp-content\/uploads\/2016\/05\/brasil-nas-alturas-540x526.jpg\" alt=\"Projeto Brasil nas Alturas\" \/>\n\t\t\t\t\t\t\t\t<\/div>\n\t\t\t\t\t\t\t\t<div class=\"carousel_body\">\n\t\t\t\t\t\t\t\t\t<div class=\"team_title\">\n\t\t\t\t\t\t\t\t\t\t<h6>Projeto Brasil nas Alturas<\/h6>\n\t\t\t\t\t\t\t\t\t\t<div class=\"op\">Jun 2000<\/div>\n\t\t\t\t\t\t\t\t\t<\/div>\n\t\t\t\t\t\t\t\t\t<div class=\"team_desc\">Exposi\u00e7\u00e3o fotogr\u00e1fica realizada no BH Shopping.<\/div><\/div>\n\t\t\t\t\t\t\t<\/div>\n\t\t\t\t\t\t<\/div>\n                    <\/li>\n\t\t\t\t\n\t\t\t\t\t<li style=\"width:20%\">\n\t\t\t\t\t\t<div class=\"item_wrapper\">\n\t\t\t\t\t\t\t<div class=\"item\">\n\t\t\t\t\t\t\t\t<div class=\"img_block\"><img src=\"https:\/\/www.marceloandrephoto.com.br\/wp-content\/uploads\/2016\/05\/monte-roraima-540x526.jpg\" alt=\"Expedi\u00e7\u00e3o Monte Roraima\" \/>\n\t\t\t\t\t\t\t\t<\/div>\n\t\t\t\t\t\t\t\t<div class=\"carousel_body\">\n\t\t\t\t\t\t\t\t\t<div class=\"team_title\">\n\t\t\t\t\t\t\t\t\t\t<h6>Expedi\u00e7\u00e3o Monte Roraima<\/h6>\n\t\t\t\t\t\t\t\t\t\t<div class=\"op\">Mai 1999<\/div>\n\t\t\t\t\t\t\t\t\t<\/div>\n\t\t\t\t\t\t\t\t\t<div class=\"team_desc\">Exposi\u00e7\u00e3o fotogr\u00e1fica realizada no BH Shopping.<\/div><\/div>\n\t\t\t\t\t\t\t<\/div>\n\t\t\t\t\t\t<\/div>\n                    <\/li>\n\t\t\t\t<\/ul>\n             <\/div>\n             <div class=\"clear\"><\/div>\n        <\/div>  \n        <div class=\"clear\"><\/div><\/div><!-- .module_cont --><\/div>","protected":false},"excerpt":{"rendered":"","protected":false},"author":2,"featured_media":0,"parent":0,"menu_order":0,"comment_status":"closed","ping_status":"closed","template":"","meta":[],"_links":{"self":[{"href":"https:\/\/www.marceloandrephoto.com.br\/en\/wp-json\/wp\/v2\/pages\/206"}],"collection":[{"href":"https:\/\/www.marceloandrephoto.com.br\/en\/wp-json\/wp\/v2\/pages"}],"about":[{"href":"https:\/\/www.marceloandrephoto.com.br\/en\/wp-json\/wp\/v2\/types\/page"}],"author":[{"embeddable":true,"href":"https:\/\/www.marceloandrephoto.com.br\/en\/wp-json\/wp\/v2\/users\/2"}],"replies":[{"embeddable":true,"href":"https:\/\/www.marceloandrephoto.com.br\/en\/wp-json\/wp\/v2\/comments?post=206"}],"version-history":[{"count":2,"href":"https:\/\/www.marceloandrephoto.com.br\/en\/wp-json\/wp\/v2\/pages\/206\/revisions"}],"predecessor-version":[{"id":937,"href":"https:\/\/www.marceloandrephoto.com.br\/en\/wp-json\/wp\/v2\/pages\/206\/revisions\/937"}],"wp:attachment":[{"href":"https:\/\/www.marceloandrephoto.com.br\/en\/wp-json\/wp\/v2\/media?parent=206"}],"curies":[{"name":"wp","href":"https:\/\/api.w.org\/{rel}","templated":true}]}}